{"id":34,"date":"2025-09-03T13:48:15","date_gmt":"2025-09-03T13:48:15","guid":{"rendered":"https:\/\/altura.haudrey.link\/cabinet-veterinaire\/?page_id=34"},"modified":"2026-02-13T15:01:07","modified_gmt":"2026-02-13T15:01:07","slug":"services","status":"publish","type":"page","link":"https:\/\/altura.haudrey.link\/cabinet-veterinaire\/services\/","title":{"rendered":"Services"},"content":{"rendered":"<div class=\"et_pb_section_0 et_pb_section et_section_regular et_flex_section preset--group--divi-section--divi-background--ejbugi4cgq preset--module--divi-section--default\">\n<div class=\"et_pb_row_0 et_pb_row et_flex_row\">\n<div class=\"et_pb_column_0 et_pb_column et-last-child et_flex_column et_pb_css_mix_blend_mode_passthrough et_flex_column_24_24 et_flex_column_24_24_tablet et_flex_column_24_24_phone\">\n<div class=\"et_pb_heading_0 et_pb_heading et_pb_module et_flex_module preset--module--divi-heading--n7onosvai6\"><div class=\"et_pb_heading_container\"><h1 class=\"et_pb_module_header\">Nos services<\/h1><\/div><\/div>\n\n<div class=\"et_pb_text_0 et_pb_text et_pb_bg_layout_light et_pb_module et_flex_module preset--group--divi-text--divi-sizing--f6xhmhgw97 preset--module--divi-text--86jiocji8t\"><div class=\"et_pb_text_inner\"><div class=\"text-center mb-16\" data-fg-da2r31=\":18.17140:\/pages\/ConsultationGeneralePage.tsx:140:11:4728:385:e:div:ete\">\n<p>Une gamme compl\u00e8te de soins v\u00e9t\u00e9rinaires pour r\u00e9pondre \u00e0 tous les besoins de vos animaux de compagnie.<\/p>\n<\/div>\n<\/div><\/div>\n\n<div class=\"et_pb_group_0 et_pb_group et-last-child et_pb_module et_flex_group et_pb_css_mix_blend_mode_passthrough\">\n<div class=\"et_pb_module et_pb_button_module_wrapper et_pb_button_0_wrapper preset--module--divi-button--default_wrapper\"><a class=\"et_pb_button_0 et_pb_button et_pb_bg_layout_light et_pb_module et_block_module preset--module--divi-button--default\" href=\"https:\/\/altura.haudrey.link\/cabinet-veterinaire\/contact\/\">Prendre rendez-vous<\/a><\/div>\n<\/div>\n<\/div>\n<\/div>\n<\/div>\n\n<div class=\"et_pb_section_1 et_pb_section et_section_regular et_flex_section preset--module--divi-section--default\">\n<div class=\"et_pb_row_1 et_pb_row et_flex_row\">\n<div class=\"et_pb_column_1 et_pb_column et-last-child et_flex_column et_pb_css_mix_blend_mode_passthrough et_flex_column_24_24 et_flex_column_24_24_tablet et_flex_column_24_24_phone\">\n<div class=\"et_pb_row_2 et_pb_row et_pb_row_nested et_flex_row\">\n<div class=\"et_pb_column_2 et_pb_column et-last-child et_flex_column et_pb_css_mix_blend_mode_passthrough et_flex_column_8_24 et_flex_column_8_24_tablet et_flex_column_24_24_phone\" data-loop-item=\"0\">\n<div class=\"et_pb_group_1 et_pb_group et-last-child et_pb_module et_flex_group et_pb_css_mix_blend_mode_passthrough et_clickable\" data-interaction-trigger=\"jaemaw01yu\">\n<div class=\"et_pb_group_2 et_pb_group et_pb_module et_flex_group et_pb_css_mix_blend_mode_passthrough et-interaction-target-2b4exat7ir preset--module--divi-group--i8r3qlbhjq\" data-interaction-target=\"2b4exat7ir\">\n<div class=\"et_pb_image_0 et_pb_image et_pb_module et_flex_module preset--module--divi-image--default\"><span class=\"et_pb_image_wrap\"><img loading=\"lazy\" decoding=\"async\" src=\"https:\/\/altura.haudrey.link\/cabinet-veterinaire\/wp-content\/uploads\/sites\/16\/2026\/02\/Icon.png\" width=\"24\" height=\"24\" srcset=\"https:\/\/altura.haudrey.link\/cabinet-veterinaire\/wp-content\/uploads\/sites\/16\/2026\/02\/Icon.png 24w\" sizes=\"(max-width: 24px) 100vw, 24px\" class=\"wp-image-415\" title=\"Icon\" \/><\/span><\/div>\n<\/div>\n\n<div class=\"et_pb_heading_1 et_pb_heading et_pb_module et_flex_module preset--module--divi-heading--cm75pii9nj\"><div class=\"et_pb_heading_container\"><h3 class=\"et_pb_module_header\">Service 1<\/h3><\/div><\/div>\n\n<div class=\"et_pb_text_1 et_pb_text et_pb_bg_layout_light et_pb_module et_flex_module preset--module--divi-text--default\"><div class=\"et_pb_text_inner\"><p>Lorem ipsum dolor sit amet, consectetur adipiscing elit.<\/p>\n<\/div><\/div>\n\n<a class=\"et_pb_link_0 et_pb_link et_pb_module et_flex_module\" href=\"https:\/\/altura.haudrey.link\/cabinet-veterinaire\/service\/service-1\/\"><span class=\"et_pb_link_inner\"><span class=\"et-pb-icon\">$<\/span>En savoir plus<\/span><\/a>\n<\/div>\n<\/div>\n<\/div>\n<\/div>\n<\/div>\n<\/div>","protected":false},"excerpt":{"rendered":"","protected":false},"author":2,"featured_media":0,"parent":0,"menu_order":0,"comment_status":"closed","ping_status":"closed","template":"","meta":{"_acf_changed":false,"footnotes":""},"class_list":["post-34","page","type-page","status-publish","hentry"],"yoast_head":"<!-- This site is optimized with the Yoast SEO plugin v27.0 - https:\/\/yoast.com\/product\/yoast-seo-wordpress\/ -->\n<title>Services - Mod\u00e8le V\u00e9to<\/title>\n<meta name=\"robots\" content=\"index, follow, max-snippet:-1, max-image-preview:large, max-video-preview:-1\" \/>\n<link rel=\"canonical\" href=\"https:\/\/altura.haudrey.link\/cabinet-veterinaire\/services\/\" \/>\n<meta property=\"og:locale\" content=\"fr_FR\" \/>\n<meta property=\"og:type\" content=\"article\" \/>\n<meta property=\"og:title\" content=\"Services - Mod\u00e8le V\u00e9to\" \/>\n<meta property=\"og:url\" content=\"https:\/\/altura.haudrey.link\/cabinet-veterinaire\/services\/\" \/>\n<meta property=\"og:site_name\" content=\"Mod\u00e8le V\u00e9to\" \/>\n<meta property=\"article:modified_time\" content=\"2026-02-13T15:01:07+00:00\" \/>\n<meta name=\"twitter:card\" content=\"summary_large_image\" \/>\n<script type=\"application\/ld+json\" class=\"yoast-schema-graph\">{\"@context\":\"https:\/\/schema.org\",\"@graph\":[{\"@type\":\"WebPage\",\"@id\":\"https:\/\/altura.haudrey.link\/cabinet-veterinaire\/services\/\",\"url\":\"https:\/\/altura.haudrey.link\/cabinet-veterinaire\/services\/\",\"name\":\"Services - Mod\u00e8le V\u00e9to\",\"isPartOf\":{\"@id\":\"https:\/\/altura.haudrey.link\/cabinet-veterinaire\/#website\"},\"datePublished\":\"2025-09-03T13:48:15+00:00\",\"dateModified\":\"2026-02-13T15:01:07+00:00\",\"breadcrumb\":{\"@id\":\"https:\/\/altura.haudrey.link\/cabinet-veterinaire\/services\/#breadcrumb\"},\"inLanguage\":\"fr-FR\",\"potentialAction\":[{\"@type\":\"ReadAction\",\"target\":[\"https:\/\/altura.haudrey.link\/cabinet-veterinaire\/services\/\"]}]},{\"@type\":\"BreadcrumbList\",\"@id\":\"https:\/\/altura.haudrey.link\/cabinet-veterinaire\/services\/#breadcrumb\",\"itemListElement\":[{\"@type\":\"ListItem\",\"position\":1,\"name\":\"Accueil\",\"item\":\"https:\/\/altura.haudrey.link\/cabinet-veterinaire\/\"},{\"@type\":\"ListItem\",\"position\":2,\"name\":\"Services\"}]},{\"@type\":\"WebSite\",\"@id\":\"https:\/\/altura.haudrey.link\/cabinet-veterinaire\/#website\",\"url\":\"https:\/\/altura.haudrey.link\/cabinet-veterinaire\/\",\"name\":\"Mod\u00e8le V\u00e9to\",\"description\":\"Slogan du site\",\"potentialAction\":[{\"@type\":\"SearchAction\",\"target\":{\"@type\":\"EntryPoint\",\"urlTemplate\":\"https:\/\/altura.haudrey.link\/cabinet-veterinaire\/?s={search_term_string}\"},\"query-input\":{\"@type\":\"PropertyValueSpecification\",\"valueRequired\":true,\"valueName\":\"search_term_string\"}}],\"inLanguage\":\"fr-FR\"}]}<\/script>\n<!-- \/ Yoast SEO plugin. -->","yoast_head_json":{"title":"Services - Mod\u00e8le V\u00e9to","robots":{"index":"index","follow":"follow","max-snippet":"max-snippet:-1","max-image-preview":"max-image-preview:large","max-video-preview":"max-video-preview:-1"},"canonical":"https:\/\/altura.haudrey.link\/cabinet-veterinaire\/services\/","og_locale":"fr_FR","og_type":"article","og_title":"Services - Mod\u00e8le V\u00e9to","og_url":"https:\/\/altura.haudrey.link\/cabinet-veterinaire\/services\/","og_site_name":"Mod\u00e8le V\u00e9to","article_modified_time":"2026-02-13T15:01:07+00:00","twitter_card":"summary_large_image","schema":{"@context":"https:\/\/schema.org","@graph":[{"@type":"WebPage","@id":"https:\/\/altura.haudrey.link\/cabinet-veterinaire\/services\/","url":"https:\/\/altura.haudrey.link\/cabinet-veterinaire\/services\/","name":"Services - Mod\u00e8le V\u00e9to","isPartOf":{"@id":"https:\/\/altura.haudrey.link\/cabinet-veterinaire\/#website"},"datePublished":"2025-09-03T13:48:15+00:00","dateModified":"2026-02-13T15:01:07+00:00","breadcrumb":{"@id":"https:\/\/altura.haudrey.link\/cabinet-veterinaire\/services\/#breadcrumb"},"inLanguage":"fr-FR","potentialAction":[{"@type":"ReadAction","target":["https:\/\/altura.haudrey.link\/cabinet-veterinaire\/services\/"]}]},{"@type":"BreadcrumbList","@id":"https:\/\/altura.haudrey.link\/cabinet-veterinaire\/services\/#breadcrumb","itemListElement":[{"@type":"ListItem","position":1,"name":"Accueil","item":"https:\/\/altura.haudrey.link\/cabinet-veterinaire\/"},{"@type":"ListItem","position":2,"name":"Services"}]},{"@type":"WebSite","@id":"https:\/\/altura.haudrey.link\/cabinet-veterinaire\/#website","url":"https:\/\/altura.haudrey.link\/cabinet-veterinaire\/","name":"Mod\u00e8le V\u00e9to","description":"Slogan du site","potentialAction":[{"@type":"SearchAction","target":{"@type":"EntryPoint","urlTemplate":"https:\/\/altura.haudrey.link\/cabinet-veterinaire\/?s={search_term_string}"},"query-input":{"@type":"PropertyValueSpecification","valueRequired":true,"valueName":"search_term_string"}}],"inLanguage":"fr-FR"}]}},"acf":[],"_links":{"self":[{"href":"https:\/\/altura.haudrey.link\/cabinet-veterinaire\/wp-json\/wp\/v2\/pages\/34","targetHints":{"allow":["GET"]}}],"collection":[{"href":"https:\/\/altura.haudrey.link\/cabinet-veterinaire\/wp-json\/wp\/v2\/pages"}],"about":[{"href":"https:\/\/altura.haudrey.link\/cabinet-veterinaire\/wp-json\/wp\/v2\/types\/page"}],"author":[{"embeddable":true,"href":"https:\/\/altura.haudrey.link\/cabinet-veterinaire\/wp-json\/wp\/v2\/users\/2"}],"replies":[{"embeddable":true,"href":"https:\/\/altura.haudrey.link\/cabinet-veterinaire\/wp-json\/wp\/v2\/comments?post=34"}],"version-history":[{"count":15,"href":"https:\/\/altura.haudrey.link\/cabinet-veterinaire\/wp-json\/wp\/v2\/pages\/34\/revisions"}],"predecessor-version":[{"id":547,"href":"https:\/\/altura.haudrey.link\/cabinet-veterinaire\/wp-json\/wp\/v2\/pages\/34\/revisions\/547"}],"wp:attachment":[{"href":"https:\/\/altura.haudrey.link\/cabinet-veterinaire\/wp-json\/wp\/v2\/media?parent=34"}],"curies":[{"name":"wp","href":"https:\/\/api.w.org\/{rel}","templated":true}]}}