{"id":37,"date":"2025-09-03T13:48:15","date_gmt":"2025-09-03T13:48:15","guid":{"rendered":"https:\/\/altura.haudrey.link\/coach\/?page_id=37"},"modified":"2025-09-22T14:57:00","modified_gmt":"2025-09-22T14:57:00","slug":"contact","status":"publish","type":"page","link":"https:\/\/altura.haudrey.link\/coach\/contact\/","title":{"rendered":"Contact"},"content":{"rendered":"<div class=\"et_pb_section_0 et_pb_section et_section_regular et_block_section\">\n<div class=\"et_pb_row_0 et_pb_row et_flex_row\">\n<div class=\"et_pb_column_0 et_pb_column et-last-child et_flex_column et_pb_css_mix_blend_mode_passthrough et_flex_column_24_24 et_flex_column_24_24_tablet et_flex_column_24_24_phone\">\n<div class=\"et_pb_heading_0 et_pb_heading et_pb_module et_flex_module preset--module--divi-heading--default\"><div class=\"et_pb_heading_container\"><h1 class=\"et_pb_module_header\">Entrons en contact<\/h1><\/div><\/div>\n\n<div class=\"et_pb_text_0 et_pb_text et_pb_bg_layout_light et_pb_module et_flex_module preset--module--divi-text--default\"><div class=\"et_pb_text_inner\"><p data-start=\"330\" data-end=\"495\">Vous avez une question, un projet en t\u00eate ou simplement envie d\u2019\u00e9changer ?<br data-start=\"404\" data-end=\"407\" \/>Remplissez le formulaire ci-dessous ou choisissez le canal qui vous convient le mieux.<\/p>\n<p data-start=\"497\" data-end=\"540\">Je vous r\u00e9ponds sous 48h ouvr\u00e9es maximum.<\/p>\n<\/div><\/div>\n<\/div>\n<\/div>\n\n<div class=\"et_pb_row_1 et_pb_row et_flex_row\">\n<div class=\"et_pb_column_1 et_pb_column et_flex_column et_pb_css_mix_blend_mode_passthrough et_flex_column_24_24 et_flex_column_24_24_tablet et_flex_column_24_24_phone\">\n<div class=\"et_pb_contact_form_0 et_pb_contact_form_container clearfix et_pb_module et_flex_module\" data-form_unique_num=\"0\" data-form_unique_id=\"658ecf09-b932-46e3-9bab-c17a7d1cc740\" id=\"et_pb_contact_form_658ecf09-b932-46e3-9bab-c17a7d1cc740\"><div class=\"et-pb-contact-message\"><\/div><div class=\"et_pb_contact\"><form class=\"et_pb_contact_form et_flex_module\" method=\"post\" action=\"https:\/\/altura.haudrey.link\/coach\/wp-json\/wp\/v2\/pages\/37\">\n<div class=\"et_pb_contact_field_0 et_pb_contact_field et_pb_module et_flex_module et_flex_column_24_24 et_flex_column_24_24_tablet et_flex_column_24_24_phone\" data-id=\"name\" data-type=\"input\"><label class=\"et_pb_contact_form_label\" for=\"et_pb_contact_0_name_0\">Votre nom pr\u00e9nom<\/label><input type=\"text\" name=\"et_pb_contact_0_name_0\" id=\"et_pb_contact_0_name_0\" class=\"input\" data-required_mark=\"required\" data-field_type=\"input\" data-original_id=\"name\" placeholder=\"Votre nom pr\u00e9nom\" title=\"\" value=\"\" \/><\/div>\n\n<div class=\"et_pb_contact_field_1 et_pb_contact_field et_pb_module et_flex_module et_flex_column_24_24 et_flex_column_24_24_tablet et_flex_column_24_24_phone\" data-id=\"email\" data-type=\"email\"><label class=\"et_pb_contact_form_label\" for=\"et_pb_contact_0_email_1\">Votre adresse email<\/label><input type=\"text\" name=\"et_pb_contact_0_email_1\" id=\"et_pb_contact_0_email_1\" class=\"input\" data-required_mark=\"required\" data-field_type=\"email\" data-original_id=\"email\" placeholder=\"Votre adresse email\" title=\"\" value=\"\" \/><\/div>\n\n<div class=\"et_pb_contact_field_2 et_pb_contact_field et_pb_module et_flex_module et_flex_column_24_24 et_flex_column_24_24_tablet et_flex_column_24_24_phone\" data-id=\"object\" data-type=\"select\"><label class=\"et_pb_contact_form_label\" for=\"et_pb_contact_0_object_2\">Objet de la demande<\/label><select name=\"et_pb_contact_0_object_2\" id=\"et_pb_contact_0_object_2\" class=\"et_pb_contact_select input\" data-required_mark=\"required\" data-field_type=\"select\" data-original_id=\"object\"><option value=\"\">Objet de la demande<\/option><option value=\"Demande d&#039;information\" data-id=\"\">Demande d&#039;information<\/option><option value=\"Diagnostic express (1:1)\" data-id=\"\">Diagnostic express (1:1)<\/option><option value=\"Programme 90 jours\" data-id=\"\">Programme 90 jours<\/option><option value=\"Atelier en \u00e9quipe\" data-id=\"\">Atelier en \u00e9quipe<\/option><option value=\"Autre\" data-id=\"\">Autre<\/option><\/select><\/div>\n\n<div class=\"et_pb_contact_field_3 et_pb_contact_field et_pb_module et_flex_module et_flex_column_24_24 et_flex_column_24_24_tablet et_flex_column_24_24_phone\" data-id=\"message\" data-type=\"text\"><label class=\"et_pb_contact_form_label\" for=\"et_pb_contact_0_message_3\">Votre message<\/label><textarea name=\"et_pb_contact_0_message_3\" id=\"et_pb_contact_0_message_3\" class=\"et_pb_contact_message input\" data-required_mark=\"required\" data-field_type=\"text\" data-original_id=\"message\" placeholder=\"Votre message\"><\/textarea><\/div>\n<input type=\"hidden\" name=\"et_pb_contactform_submit_658ecf09-b932-46e3-9bab-c17a7d1cc740\" value=\"et_contact_proccess\" \/><div class=\"et_contact_bottom_container\"><div class=\"et_pb_contact_right et_pb_contact_field\"><p class=\"clearfix\"><span class=\"et_pb_contact_captcha_question\">3 + 6<\/span> = <input type=\"text\" size=\"2\" class=\"input et_pb_contact_captcha\" data-first_digit=\"3\" data-second_digit=\"6\" data-required_mark=\"required\" name=\"et_pb_contact_captcha_658ecf09-b932-46e3-9bab-c17a7d1cc740\" autocomplete=\"off\" \/><\/p><\/div><div class=\"et_pb_button_wrapper\"><button type=\"submit\" name=\"et_builder_submit_button\" class=\"et_pb_button et_pb_contact_submit\">Envoyer le message<\/button><\/div><\/div><input type=\"hidden\" id=\"_wpnonce-et-pb-contact-form-submitted-658ecf09-b932-46e3-9bab-c17a7d1cc740\" name=\"_wpnonce-et-pb-contact-form-submitted-658ecf09-b932-46e3-9bab-c17a7d1cc740\" value=\"5ce9988034\" \/><input type=\"hidden\" name=\"_wp_http_referer\" value=\"\/coach\/wp-json\/wp\/v2\/pages\/37\" \/><\/form><\/div><\/div>\n<\/div>\n\n<div class=\"et_pb_column_2 et_pb_column et-last-child et_flex_column et_pb_css_mix_blend_mode_passthrough et_flex_column_24_24 et_flex_column_24_24_tablet et_flex_column_24_24_phone\">\n<div class=\"et_pb_text_1 et_pb_text et_pb_bg_layout_light et_pb_module et_flex_module preset--module--divi-text--default\"><div class=\"et_pb_text_inner\"><p>Gagnez du temps et r\u00e9servez en ligne une session d\u00e9couverte ou un diagnostic express.<\/p>\n<\/div><\/div>\n\n<div class=\"et_pb_code_0 et_pb_code et_pb_module\"><div class=\"et_pb_code_inner\"><!-- remplacez tout ce qui est \u00e9crit ici par votre code fourni par calendly ou autre outil -->\n<p style=\"background:lightgray;padding:20px;font-style:italic;border-radius:10px;\">\n  Editez ce module pour copier\/coller le code fourni par Calendly pour int\u00e9grer un calendrier de r\u00e9servation au site\n<\/p><\/div><\/div>\n\n<div class=\"et_pb_divider_0 et_pb_divider et_pb_space et_pb_divider_position_top et_pb_module\"><div class=\"et_pb_divider_internal\"><\/div><\/div>\n\n<div class=\"et_pb_text_2 et_pb_text et_pb_bg_layout_light et_pb_module et_flex_module preset--module--divi-text--default\"><div class=\"et_pb_text_inner\"><p>Coordonn\u00e9es directes<\/p>\n<\/div><\/div>\n\n<ul class=\"et_pb_icon_list_0 et_pb_icon_list et_pb_module et_flex_module\">\n<li class=\"et_pb_icon_list_item_0 et_pb_icon_list_item et_pb_module et_flex_module\"><span class=\"et-pb-icon\">\uf0e0<\/span><div class=\"et_pb_icon_list_text\">contact@votremarque.com<\/div><\/li>\n\n<li class=\"et_pb_icon_list_item_1 et_pb_icon_list_item et_pb_module et_flex_module\"><span class=\"et-pb-icon\">\ue090<\/span><div class=\"et_pb_icon_list_text\">06 11 22 33 44<\/div><\/li>\n\n<li class=\"et_pb_icon_list_item_2 et_pb_icon_list_item et_pb_module et_flex_module\"><span class=\"et-pb-icon\">\ue081<\/span><div class=\"et_pb_icon_list_text\">35 rue de chez vous 05200 Votre ville<\/div><\/li>\n<\/ul>\n<\/div>\n<\/div>\n<\/div>\n\n<div class=\"et_pb_section_1 et_pb_section et_section_regular et_flex_section\"><div class=\"et_pb_row_2 et_pb_row et_flex_row\"><div class=\"et_pb_column_3 et_pb_column et-last-child et_flex_column et_pb_css_mix_blend_mode_passthrough et_flex_column_24_24 et_flex_column_24_24_tablet et_flex_column_24_24_phone\"><div class=\"et_pb_heading_1 et_pb_heading et_pb_module et_flex_module preset--module--divi-heading--default\"><div class=\"et_pb_heading_container\"><h2 class=\"et_pb_module_header\">Ce que disent mes coach\u00e9s<\/h2><\/div><\/div><\/div><\/div><div class=\"et_pb_row_3 et_pb_row et_flex_row\"><div class=\"et_pb_column_4 et_pb_column et_flex_column et_pb_css_mix_blend_mode_passthrough et_flex_column_24_24 et_flex_column_24_24_tablet et_flex_column_24_24_phone\"><div class=\"et_pb_testimonial_0 et_pb_testimonial et_pb_icon_off et_pb_testimonial_no_image et_pb_bg_layout_light et_pb_module et_flex_module preset--module--divi-testimonial--default\"><div class=\"et_pb_testimonial_inner\"><div class=\"et_pb_testimonial_description et_flex_module\"><div class=\"et_pb_testimonial_description_inner\"><div class=\"et_pb_testimonial_content\"><p>En seulement 6 semaines, j\u2019ai retrouv\u00e9 une vraie clart\u00e9 dans mes priorit\u00e9s. Mon \u00e9quipe est plus autonome et j\u2019ai enfin du temps pour pr\u00e9parer ma strat\u00e9gie.<\/p>\n<\/div><\/div><div class=\"et_pb_testimonial_author\">Sophie L.<\/div><div class=\"et_pb_testimonial_meta\"><span class=\"et_pb_testimonial_position\">Directrice commerciale<\/span><\/div><\/div><\/div><\/div><\/div><div class=\"et_pb_column_5 et_pb_column et_flex_column et_pb_css_mix_blend_mode_passthrough et_flex_column_24_24 et_flex_column_24_24_tablet et_flex_column_24_24_phone\"><div class=\"et_pb_testimonial_1 et_pb_testimonial et_pb_icon_off et_pb_testimonial_no_image et_pb_bg_layout_light et_pb_module et_flex_module preset--module--divi-testimonial--default\"><div class=\"et_pb_testimonial_inner\"><div class=\"et_pb_testimonial_description et_flex_module\"><div class=\"et_pb_testimonial_description_inner\"><div class=\"et_pb_testimonial_content\"><p>Le cadre propos\u00e9 m\u2019a aid\u00e9 \u00e0 arr\u00eater de procrastiner. J\u2019avance maintenant \u00e9tape par \u00e9tape avec confiance et j\u2019ai r\u00e9duit mon stress quotidien.<\/p>\n<\/div><\/div><div class=\"et_pb_testimonial_author\">Karim B.<\/div><div class=\"et_pb_testimonial_meta\"><span class=\"et_pb_testimonial_position\">Entrepreneur<\/span><\/div><\/div><\/div><\/div><\/div><div class=\"et_pb_column_6 et_pb_column et_flex_column et_pb_css_mix_blend_mode_passthrough et_flex_column_24_24 et_flex_column_24_24_tablet et_flex_column_24_24_phone\"><div class=\"et_pb_testimonial_2 et_pb_testimonial et_pb_icon_off et_pb_testimonial_no_image et_pb_bg_layout_light et_pb_module et_flex_module preset--module--divi-testimonial--default\"><div class=\"et_pb_testimonial_inner\"><div class=\"et_pb_testimonial_description et_flex_module\"><div class=\"et_pb_testimonial_description_inner\"><div class=\"et_pb_testimonial_content\"><p>Nos r\u00e9unions \u00e9taient devenues \u00e9puisantes. Gr\u00e2ce aux ateliers, elles sont maintenant claires, efficaces et orient\u00e9es r\u00e9sultats. On a gagn\u00e9 2h par semaine !<\/p>\n<\/div><\/div><div class=\"et_pb_testimonial_author\">Isabelle M.<\/div><div class=\"et_pb_testimonial_meta\"><span class=\"et_pb_testimonial_position\">Responsable RH<\/span><\/div><\/div><\/div><\/div><\/div><div class=\"et_pb_column_7 et_pb_column et-last-child et_flex_column et_pb_css_mix_blend_mode_passthrough et_flex_column_24_24 et_flex_column_24_24_tablet et_flex_column_24_24_phone\"><div class=\"et_pb_testimonial_3 et_pb_testimonial et_pb_icon_off et_pb_testimonial_no_image et_pb_bg_layout_light et_pb_module et_flex_module preset--module--divi-testimonial--default\"><div class=\"et_pb_testimonial_inner\"><div class=\"et_pb_testimonial_description et_flex_module\"><div class=\"et_pb_testimonial_description_inner\"><div class=\"et_pb_testimonial_content\"><p>J\u2019\u00e9tais \u00e0 deux doigts du burn-out. Le coaching m\u2019a permis de poser mes limites, clarifier mes objectifs et retrouver un vrai \u00e9quilibre pro\/perso.<\/p>\n<\/div><\/div><div class=\"et_pb_testimonial_author\">Julien R.<\/div><div class=\"et_pb_testimonial_meta\"><span class=\"et_pb_testimonial_position\">Manager IT<\/span><\/div><\/div><\/div><\/div><\/div><\/div><div class=\"et_pb_row_4 et_pb_row et_flex_row\"><div class=\"et_pb_column_8 et_pb_column et-last-child et_flex_column et_pb_css_mix_blend_mode_passthrough et_flex_column_24_24 et_flex_column_24_24_tablet et_flex_column_24_24_phone\"><div class=\"et_pb_module et_pb_button_module_wrapper et_pb_button_0_wrapper preset--module--divi-button--default_wrapper\"><a class=\"et_pb_button_0 et_pb_button et_pb_bg_layout_light et_pb_module et_flex_module preset--module--divi-button--default\" href=\"\" target=\"_blank\" data-icon=\"9\">Voir tous les avis sur Google<\/a><\/div><\/div><\/div><\/div>","protected":false},"excerpt":{"rendered":"","protected":false},"author":2,"featured_media":0,"parent":0,"menu_order":0,"comment_status":"closed","ping_status":"closed","template":"","meta":{"footnotes":""},"class_list":["post-37","page","type-page","status-publish","hentry"],"yoast_head":"<!-- This site is optimized with the Yoast SEO plugin v27.0 - https:\/\/yoast.com\/product\/yoast-seo-wordpress\/ -->\n<title>Contact - Mod\u00e8le Coach<\/title>\n<meta name=\"robots\" content=\"index, follow, max-snippet:-1, max-image-preview:large, max-video-preview:-1\" \/>\n<link rel=\"canonical\" href=\"https:\/\/altura.haudrey.link\/coach\/contact\/\" \/>\n<meta property=\"og:locale\" content=\"fr_FR\" \/>\n<meta property=\"og:type\" content=\"article\" \/>\n<meta property=\"og:title\" content=\"Contact - Mod\u00e8le Coach\" \/>\n<meta property=\"og:url\" content=\"https:\/\/altura.haudrey.link\/coach\/contact\/\" \/>\n<meta property=\"og:site_name\" content=\"Mod\u00e8le Coach\" \/>\n<meta property=\"article:modified_time\" content=\"2025-09-22T14:57:00+00:00\" \/>\n<meta name=\"twitter:card\" content=\"summary_large_image\" \/>\n<script type=\"application\/ld+json\" class=\"yoast-schema-graph\">{\"@context\":\"https:\/\/schema.org\",\"@graph\":[{\"@type\":\"WebPage\",\"@id\":\"https:\/\/altura.haudrey.link\/coach\/contact\/\",\"url\":\"https:\/\/altura.haudrey.link\/coach\/contact\/\",\"name\":\"Contact - Mod\u00e8le Coach\",\"isPartOf\":{\"@id\":\"https:\/\/altura.haudrey.link\/coach\/#website\"},\"datePublished\":\"2025-09-03T13:48:15+00:00\",\"dateModified\":\"2025-09-22T14:57:00+00:00\",\"breadcrumb\":{\"@id\":\"https:\/\/altura.haudrey.link\/coach\/contact\/#breadcrumb\"},\"inLanguage\":\"fr-FR\",\"potentialAction\":[{\"@type\":\"ReadAction\",\"target\":[\"https:\/\/altura.haudrey.link\/coach\/contact\/\"]}]},{\"@type\":\"BreadcrumbList\",\"@id\":\"https:\/\/altura.haudrey.link\/coach\/contact\/#breadcrumb\",\"itemListElement\":[{\"@type\":\"ListItem\",\"position\":1,\"name\":\"Accueil\",\"item\":\"https:\/\/altura.haudrey.link\/coach\/\"},{\"@type\":\"ListItem\",\"position\":2,\"name\":\"Contact\"}]},{\"@type\":\"WebSite\",\"@id\":\"https:\/\/altura.haudrey.link\/coach\/#website\",\"url\":\"https:\/\/altura.haudrey.link\/coach\/\",\"name\":\"Mod\u00e8le Coach\",\"description\":\"Un accompagnement sur mesure pour retrouver clart\u00e9 et \u00e9quilibre.\",\"potentialAction\":[{\"@type\":\"SearchAction\",\"target\":{\"@type\":\"EntryPoint\",\"urlTemplate\":\"https:\/\/altura.haudrey.link\/coach\/?s={search_term_string}\"},\"query-input\":{\"@type\":\"PropertyValueSpecification\",\"valueRequired\":true,\"valueName\":\"search_term_string\"}}],\"inLanguage\":\"fr-FR\"}]}<\/script>\n<!-- \/ Yoast SEO plugin. -->","yoast_head_json":{"title":"Contact - Mod\u00e8le Coach","robots":{"index":"index","follow":"follow","max-snippet":"max-snippet:-1","max-image-preview":"max-image-preview:large","max-video-preview":"max-video-preview:-1"},"canonical":"https:\/\/altura.haudrey.link\/coach\/contact\/","og_locale":"fr_FR","og_type":"article","og_title":"Contact - Mod\u00e8le Coach","og_url":"https:\/\/altura.haudrey.link\/coach\/contact\/","og_site_name":"Mod\u00e8le Coach","article_modified_time":"2025-09-22T14:57:00+00:00","twitter_card":"summary_large_image","schema":{"@context":"https:\/\/schema.org","@graph":[{"@type":"WebPage","@id":"https:\/\/altura.haudrey.link\/coach\/contact\/","url":"https:\/\/altura.haudrey.link\/coach\/contact\/","name":"Contact - Mod\u00e8le Coach","isPartOf":{"@id":"https:\/\/altura.haudrey.link\/coach\/#website"},"datePublished":"2025-09-03T13:48:15+00:00","dateModified":"2025-09-22T14:57:00+00:00","breadcrumb":{"@id":"https:\/\/altura.haudrey.link\/coach\/contact\/#breadcrumb"},"inLanguage":"fr-FR","potentialAction":[{"@type":"ReadAction","target":["https:\/\/altura.haudrey.link\/coach\/contact\/"]}]},{"@type":"BreadcrumbList","@id":"https:\/\/altura.haudrey.link\/coach\/contact\/#breadcrumb","itemListElement":[{"@type":"ListItem","position":1,"name":"Accueil","item":"https:\/\/altura.haudrey.link\/coach\/"},{"@type":"ListItem","position":2,"name":"Contact"}]},{"@type":"WebSite","@id":"https:\/\/altura.haudrey.link\/coach\/#website","url":"https:\/\/altura.haudrey.link\/coach\/","name":"Mod\u00e8le Coach","description":"Un accompagnement sur mesure pour retrouver clart\u00e9 et \u00e9quilibre.","potentialAction":[{"@type":"SearchAction","target":{"@type":"EntryPoint","urlTemplate":"https:\/\/altura.haudrey.link\/coach\/?s={search_term_string}"},"query-input":{"@type":"PropertyValueSpecification","valueRequired":true,"valueName":"search_term_string"}}],"inLanguage":"fr-FR"}]}},"_links":{"self":[{"href":"https:\/\/altura.haudrey.link\/coach\/wp-json\/wp\/v2\/pages\/37","targetHints":{"allow":["GET"]}}],"collection":[{"href":"https:\/\/altura.haudrey.link\/coach\/wp-json\/wp\/v2\/pages"}],"about":[{"href":"https:\/\/altura.haudrey.link\/coach\/wp-json\/wp\/v2\/types\/page"}],"author":[{"embeddable":true,"href":"https:\/\/altura.haudrey.link\/coach\/wp-json\/wp\/v2\/users\/2"}],"replies":[{"embeddable":true,"href":"https:\/\/altura.haudrey.link\/coach\/wp-json\/wp\/v2\/comments?post=37"}],"version-history":[{"count":8,"href":"https:\/\/altura.haudrey.link\/coach\/wp-json\/wp\/v2\/pages\/37\/revisions"}],"predecessor-version":[{"id":319,"href":"https:\/\/altura.haudrey.link\/coach\/wp-json\/wp\/v2\/pages\/37\/revisions\/319"}],"wp:attachment":[{"href":"https:\/\/altura.haudrey.link\/coach\/wp-json\/wp\/v2\/media?parent=37"}],"curies":[{"name":"wp","href":"https:\/\/api.w.org\/{rel}","templated":true}]}}